{"id":16,"date":"2020-03-24T15:46:25","date_gmt":"2020-03-24T15:46:25","guid":{"rendered":"https:\/\/karli-erdbeeren.ch\/cms\/?page_id=16"},"modified":"2025-06-23T16:15:21","modified_gmt":"2025-06-23T16:15:21","slug":"erdbeeren-zum-selber-pfluecken","status":"publish","type":"page","link":"https:\/\/karli-erdbeeren.ch\/cms\/?page_id=16","title":{"rendered":"Frische Erdbeeren aus Zufikon"},"content":{"rendered":"\n<h2>Saison 2025<\/h2>\n\n\n\n<p style=\"font-size:17px\"><strong>Am Dienstag 24. Juni 2025 ist das Feld f\u00fcr diese Saison das letzte Mal ge\u00f6ffnet.<\/strong><\/p>\n\n\n\n<p><\/p>\n\n\n\n<div class=\"wp-container-1 wp-block-group\"><div class=\"wp-block-group__inner-container\">\n<h2><\/h2>\n<\/div><\/div>\n\n\n\n<p><\/p>\n\n\n\n<p><strong>\u00d6ffnungszeiten zum Selberpfl\u00fccken:<\/strong><\/p>\n\n\n\n<p>Montag &#8211; Freitag:       08:30 &#8211; 12:00  und  13:30 &#8211; 17:00 Uhr                                            <\/p>\n\n\n\n<p>Samstag:                       08:30 &#8211; 12:00   &#8211;   Nachmittags geschlossen<\/p>\n\n\n\n<p><\/p>\n\n\n\n<p><\/p>\n\n\n\n<p><\/p>\n\n\n\n<p>Wir freuen uns auf Ihren Besuch<\/p>\n\n\n\n<figure class=\"wp-block-image size-large is-style-default\"><img loading=\"lazy\" width=\"740\" height=\"417\" src=\"https:\/\/karli-erdbeeren.ch\/cms\/wp-content\/uploads\/2020\/03\/albert-karli-1.jpg\" alt=\"\" class=\"wp-image-71\" srcset=\"https:\/\/karli-erdbeeren.ch\/cms\/wp-content\/uploads\/2020\/03\/albert-karli-1.jpg 740w, https:\/\/karli-erdbeeren.ch\/cms\/wp-content\/uploads\/2020\/03\/albert-karli-1-300x169.jpg 300w\" sizes=\"(max-width: 706px) 89vw, (max-width: 767px) 82vw, 740px\" \/><figcaption>Albert Karli im Erdbeerfeld<\/figcaption><\/figure>\n\n\n\n<p><strong>Verpassen Sie den Start nicht<\/strong>!<br>Abonnieren Sie den Newsletter. Wir informieren Sie sobald die Erdbeeren auch selber gepfl\u00fcckt werden k\u00f6nnen.<\/p>\n\n\n\n<div class=\"wp-block-button alignleft\"><a class=\"wp-block-button__link has-very-light-gray-color has-vivid-red-background-color has-text-color has-background\" href=\"https:\/\/www.karli-obst.ch\/cms\/?page_id=185\">Newsletter abonieren<\/a><\/div>\n","protected":false},"excerpt":{"rendered":"<p>Saison 2025 Am Dienstag 24. Juni 2025 ist das Feld f\u00fcr diese Saison das letzte Mal ge\u00f6ffnet. \u00d6ffnungszeiten zum Selberpfl\u00fccken: Montag &#8211; Freitag: 08:30 &#8211; 12:00 und 13:30 &#8211; 17:00 Uhr Samstag: 08:30 &#8211; 12:00 &#8211; Nachmittags geschlossen Wir freuen uns auf Ihren Besuch Verpassen Sie den Start nicht!Abonnieren Sie den Newsletter. Wir informieren Sie &hellip; <\/p>\n<p class=\"link-more\"><a href=\"https:\/\/karli-erdbeeren.ch\/cms\/?page_id=16\" class=\"more-link\"><span class=\"screen-reader-text\">\u201eFrische Erdbeeren aus Zufikon\u201c<\/span> weiterlesen<\/a><\/p>\n","protected":false},"author":1,"featured_media":62,"parent":0,"menu_order":0,"comment_status":"closed","ping_status":"closed","template":"","meta":[],"_links":{"self":[{"href":"https:\/\/karli-erdbeeren.ch\/cms\/index.php?rest_route=\/wp\/v2\/pages\/16"}],"collection":[{"href":"https:\/\/karli-erdbeeren.ch\/cms\/index.php?rest_route=\/wp\/v2\/pages"}],"about":[{"href":"https:\/\/karli-erdbeeren.ch\/cms\/index.php?rest_route=\/wp\/v2\/types\/page"}],"author":[{"embeddable":true,"href":"https:\/\/karli-erdbeeren.ch\/cms\/index.php?rest_route=\/wp\/v2\/users\/1"}],"replies":[{"embeddable":true,"href":"https:\/\/karli-erdbeeren.ch\/cms\/index.php?rest_route=%2Fwp%2Fv2%2Fcomments&post=16"}],"version-history":[{"count":90,"href":"https:\/\/karli-erdbeeren.ch\/cms\/index.php?rest_route=\/wp\/v2\/pages\/16\/revisions"}],"predecessor-version":[{"id":410,"href":"https:\/\/karli-erdbeeren.ch\/cms\/index.php?rest_route=\/wp\/v2\/pages\/16\/revisions\/410"}],"wp:featuredmedia":[{"embeddable":true,"href":"https:\/\/karli-erdbeeren.ch\/cms\/index.php?rest_route=\/wp\/v2\/media\/62"}],"wp:attachment":[{"href":"https:\/\/karli-erdbeeren.ch\/cms\/index.php?rest_route=%2Fwp%2Fv2%2Fmedia&parent=16"}],"curies":[{"name":"wp","href":"https:\/\/api.w.org\/{rel}","templated":true}]}}